{"id":1039,"date":"2025-11-20T12:50:58","date_gmt":"2025-11-20T12:50:58","guid":{"rendered":"https:\/\/www.ultrarareexpert.com\/de\/?page_id=1039"},"modified":"2026-02-15T05:35:43","modified_gmt":"2026-02-15T05:35:43","slug":"hcp","status":"publish","type":"page","link":"https:\/\/www.ultrarareexpert.com\/de\/hcp\/","title":{"rendered":"HCP"},"content":{"rendered":"<section class=\"hcp-popup-section u-pt-8 u-pb-md-9\">\n<div class=\"container\">\n<h1 class=\"header-title__h1 section-title u-mb-4\">Dieser Inhalt richtet sich ausschlie\u00dflich an \u00c4rztinnen und<br \/>\n            \u00c4rzte in Deutschland.<\/h1>\n<p class=\"body-text-md u-mb-3 u-mb-md-6\">Diese Website richtet sich ausschlie\u00dflich an \u00c4rztinnen und \u00c4rzte in<br \/>\n            Deutschland. Bitte best\u00e4tigen Sie, dass Sie Arzt\/\u00c4rztin sind, um Informationen zu Erkrankungen im<br \/>\n            Zusammenhang mit Produkten von Ultragenyx einzusehen, oder melden Sie sich an, um vollst\u00e4ndigen Zugriff zu<br \/>\n            erhalten und der Datenschutzrichtlinie sowie der Cookie-Richtlinie von Ultragenyx zuzustimmen.<\/p>\n<div class=\"action-container u-pt-6 u-pb-7 u-pb-md-8\">\n<div class=\"row gy-4\">\n<div class=\"col-12 col-md-6\">\n                    <a href=\"?sethcp=1\"\n                        class=\"cta-button font-md-2-custom primary u-text-uppercase u-mb-2 align-left start-right-arrow\">Ich bin<br \/>\n                        eine medizinische Fachkraft<\/a><\/p>\n<p>Durch Klicken auf \u201eIch bin eine medizinische Fachkraft\u201c best\u00e4tigen Sie, dass Sie eine<br \/>\n                        medizinische Fachkraft sind, die berechtigt ist, diese Inhalte einzusehen.<\/p>\n<\/p><\/div>\n<div class=\"col-12 col-md-6\">\n                    <a href=\"https:\/\/www.hofhdisease.de\/\"\n                        class=\"cta-button font-md-2-custom secondary u-text-uppercase u-mb-2 align-left start-right-arrow ext_link1\" target=\"_blank\">Ich<br \/>\n                        bin keine medizinische Fachkraft<\/a><\/p>\n<p>Wenn Sie auf \u201eIch bin keine medizinische Fachkraft\u201c klicken, werden Sie zu n\u00fctzlichen Inhalten<br \/>\n                        f\u00fcr Patienten, Pflegekr\u00e4fte oder der \u00d6ffentlichkeit weitergeleitet.<\/p>\n<\/p><\/div>\n<\/p><\/div>\n<\/p><\/div>\n<\/p><\/div>\n<\/section>\n","protected":false},"excerpt":{"rendered":"<p>Dieser Inhalt richtet sich ausschlie\u00dflich an \u00c4rztinnen und \u00c4rzte in Deutschland. Diese Website richtet sich ausschlie\u00dflich an \u00c4rztinnen und \u00c4rzte in Deutschland. Bitte best\u00e4tigen Sie, dass Sie Arzt\/\u00c4rztin sind, um Informationen zu Erkrankungen im Zusammenhang mit Produkten von Ultragenyx einzusehen, oder melden Sie sich an, um vollst\u00e4ndigen Zugriff zu erhalten und der Datenschutzrichtlinie sowie der [&hellip;]<\/p>\n","protected":false},"author":8,"featured_media":0,"parent":0,"menu_order":0,"comment_status":"closed","ping_status":"closed","template":"page-template.php","meta":{"footnotes":""},"class_list":["post-1039","page","type-page","status-publish","hentry"],"yoast_head":"<!-- This site is optimized with the Yoast SEO plugin v26.5 - https:\/\/yoast.com\/wordpress\/plugins\/seo\/ -->\n<title>HCP | Ultra Rare Expert - German<\/title>\n<meta name=\"robots\" content=\"index, follow, max-snippet:-1, max-image-preview:large, max-video-preview:-1\" \/>\n<link rel=\"canonical\" href=\"https:\/\/www.ultrarareexpert.com\/de\/hcp\/\" \/>\n<meta property=\"og:locale\" content=\"en_US\" \/>\n<meta property=\"og:type\" content=\"article\" \/>\n<meta property=\"og:title\" content=\"HCP | Ultra Rare Expert - German\" \/>\n<meta property=\"og:description\" content=\"Dieser Inhalt richtet sich ausschlie\u00dflich an \u00c4rztinnen und \u00c4rzte in Deutschland. Diese Website richtet sich ausschlie\u00dflich an \u00c4rztinnen und \u00c4rzte in Deutschland. Bitte best\u00e4tigen Sie, dass Sie Arzt\/\u00c4rztin sind, um Informationen zu Erkrankungen im Zusammenhang mit Produkten von Ultragenyx einzusehen, oder melden Sie sich an, um vollst\u00e4ndigen Zugriff zu erhalten und der Datenschutzrichtlinie sowie der [&hellip;]\" \/>\n<meta property=\"og:url\" content=\"https:\/\/www.ultrarareexpert.com\/de\/hcp\/\" \/>\n<meta property=\"og:site_name\" content=\"Ultra Rare Expert - German\" \/>\n<meta property=\"article:modified_time\" content=\"2026-02-15T05:35:43+00:00\" \/>\n<meta name=\"twitter:card\" content=\"summary_large_image\" \/>\n<meta name=\"twitter:label1\" content=\"Est. reading time\" \/>\n\t<meta name=\"twitter:data1\" content=\"1 minute\" \/>\n<script type=\"application\/ld+json\" class=\"yoast-schema-graph\">{\"@context\":\"https:\/\/schema.org\",\"@graph\":[{\"@type\":\"WebPage\",\"@id\":\"https:\/\/www.ultrarareexpert.com\/de\/hcp\/\",\"url\":\"https:\/\/www.ultrarareexpert.com\/de\/hcp\/\",\"name\":\"HCP | Ultra Rare Expert - German\",\"isPartOf\":{\"@id\":\"https:\/\/www.ultrarareexpert.com\/de\/#website\"},\"datePublished\":\"2025-11-20T12:50:58+00:00\",\"dateModified\":\"2026-02-15T05:35:43+00:00\",\"breadcrumb\":{\"@id\":\"https:\/\/www.ultrarareexpert.com\/de\/hcp\/#breadcrumb\"},\"inLanguage\":\"en-US\",\"potentialAction\":[{\"@type\":\"ReadAction\",\"target\":[\"https:\/\/www.ultrarareexpert.com\/de\/hcp\/\"]}]},{\"@type\":\"BreadcrumbList\",\"@id\":\"https:\/\/www.ultrarareexpert.com\/de\/hcp\/#breadcrumb\",\"itemListElement\":[{\"@type\":\"ListItem\",\"position\":1,\"name\":\"Home\",\"item\":\"https:\/\/www.ultrarareexpert.com\/de\/\"},{\"@type\":\"ListItem\",\"position\":2,\"name\":\"HCP\"}]},{\"@type\":\"WebSite\",\"@id\":\"https:\/\/www.ultrarareexpert.com\/de\/#website\",\"url\":\"https:\/\/www.ultrarareexpert.com\/de\/\",\"name\":\"Understanding GSDIa\",\"description\":\"\",\"alternateName\":\"Understanding GSDIa\",\"potentialAction\":[{\"@type\":\"SearchAction\",\"target\":{\"@type\":\"EntryPoint\",\"urlTemplate\":\"https:\/\/www.ultrarareexpert.com\/de\/?s={search_term_string}\"},\"query-input\":{\"@type\":\"PropertyValueSpecification\",\"valueRequired\":true,\"valueName\":\"search_term_string\"}}],\"inLanguage\":\"en-US\"}]}<\/script>\n<!-- \/ Yoast SEO plugin. -->","yoast_head_json":{"title":"HCP | Ultra Rare Expert - German","robots":{"index":"index","follow":"follow","max-snippet":"max-snippet:-1","max-image-preview":"max-image-preview:large","max-video-preview":"max-video-preview:-1"},"canonical":"https:\/\/www.ultrarareexpert.com\/de\/hcp\/","og_locale":"en_US","og_type":"article","og_title":"HCP | Ultra Rare Expert - German","og_description":"Dieser Inhalt richtet sich ausschlie\u00dflich an \u00c4rztinnen und \u00c4rzte in Deutschland. Diese Website richtet sich ausschlie\u00dflich an \u00c4rztinnen und \u00c4rzte in Deutschland. Bitte best\u00e4tigen Sie, dass Sie Arzt\/\u00c4rztin sind, um Informationen zu Erkrankungen im Zusammenhang mit Produkten von Ultragenyx einzusehen, oder melden Sie sich an, um vollst\u00e4ndigen Zugriff zu erhalten und der Datenschutzrichtlinie sowie der [&hellip;]","og_url":"https:\/\/www.ultrarareexpert.com\/de\/hcp\/","og_site_name":"Ultra Rare Expert - German","article_modified_time":"2026-02-15T05:35:43+00:00","twitter_card":"summary_large_image","twitter_misc":{"Est. reading time":"1 minute"},"schema":{"@context":"https:\/\/schema.org","@graph":[{"@type":"WebPage","@id":"https:\/\/www.ultrarareexpert.com\/de\/hcp\/","url":"https:\/\/www.ultrarareexpert.com\/de\/hcp\/","name":"HCP | Ultra Rare Expert - German","isPartOf":{"@id":"https:\/\/www.ultrarareexpert.com\/de\/#website"},"datePublished":"2025-11-20T12:50:58+00:00","dateModified":"2026-02-15T05:35:43+00:00","breadcrumb":{"@id":"https:\/\/www.ultrarareexpert.com\/de\/hcp\/#breadcrumb"},"inLanguage":"en-US","potentialAction":[{"@type":"ReadAction","target":["https:\/\/www.ultrarareexpert.com\/de\/hcp\/"]}]},{"@type":"BreadcrumbList","@id":"https:\/\/www.ultrarareexpert.com\/de\/hcp\/#breadcrumb","itemListElement":[{"@type":"ListItem","position":1,"name":"Home","item":"https:\/\/www.ultrarareexpert.com\/de\/"},{"@type":"ListItem","position":2,"name":"HCP"}]},{"@type":"WebSite","@id":"https:\/\/www.ultrarareexpert.com\/de\/#website","url":"https:\/\/www.ultrarareexpert.com\/de\/","name":"Understanding GSDIa","description":"","alternateName":"Understanding GSDIa","potentialAction":[{"@type":"SearchAction","target":{"@type":"EntryPoint","urlTemplate":"https:\/\/www.ultrarareexpert.com\/de\/?s={search_term_string}"},"query-input":{"@type":"PropertyValueSpecification","valueRequired":true,"valueName":"search_term_string"}}],"inLanguage":"en-US"}]}},"_links":{"self":[{"href":"https:\/\/www.ultrarareexpert.com\/de\/wp-json\/wp\/v2\/pages\/1039","targetHints":{"allow":["GET"]}}],"collection":[{"href":"https:\/\/www.ultrarareexpert.com\/de\/wp-json\/wp\/v2\/pages"}],"about":[{"href":"https:\/\/www.ultrarareexpert.com\/de\/wp-json\/wp\/v2\/types\/page"}],"author":[{"embeddable":true,"href":"https:\/\/www.ultrarareexpert.com\/de\/wp-json\/wp\/v2\/users\/8"}],"replies":[{"embeddable":true,"href":"https:\/\/www.ultrarareexpert.com\/de\/wp-json\/wp\/v2\/comments?post=1039"}],"version-history":[{"count":35,"href":"https:\/\/www.ultrarareexpert.com\/de\/wp-json\/wp\/v2\/pages\/1039\/revisions"}],"predecessor-version":[{"id":2312,"href":"https:\/\/www.ultrarareexpert.com\/de\/wp-json\/wp\/v2\/pages\/1039\/revisions\/2312"}],"wp:attachment":[{"href":"https:\/\/www.ultrarareexpert.com\/de\/wp-json\/wp\/v2\/media?parent=1039"}],"curies":[{"name":"wp","href":"https:\/\/api.w.org\/{rel}","templated":true}]}}